{"id":16131,"date":"2020-12-30T18:24:01","date_gmt":"2020-12-30T17:24:01","guid":{"rendered":"https:\/\/www.denktrainer.at\/?page_id=16131"},"modified":"2024-01-16T11:53:47","modified_gmt":"2024-01-16T10:53:47","slug":"home-2","status":"publish","type":"page","link":"https:\/\/www.denktrainer.at\/","title":{"rendered":"Home"},"content":{"rendered":"<p>[vc_row css_animation=&#8220;&#8220; row_type=&#8220;row&#8220; use_row_as_full_screen_section=&#8220;no&#8220; type=&#8220;grid&#8220; angled_section=&#8220;no&#8220; text_align=&#8220;left&#8220; background_image_as_pattern=&#8220;without_pattern&#8220; padding_top=&#8220;87&#8243; padding_bottom=&#8220;34&#8243; background_color=&#8220;#ffffff&#8220;][vc_column][vc_separator type=&#8220;normal&#8220;]<blockquote class=' with_quote_icon' style=''><i class='fa fa-quote-right' style=''><\/i><h5 class='blockquote-text' style=''>Workshops\/Seminare\/Kurse \u2013 Webinare \u2013 Impulsvortr\u00e4ge \u2013 Einzel- und Kleingruppencoachings<\/h5><\/blockquote>[vc_empty_space height=&#8220;10px&#8220;][vc_column_text]Entdecken Sie in Kursen zu den Kernthemen aus dem Bereichen Gehirn, Ged\u00e4chtnis und Denken, wozu Sie selbst in der Lage sind! Lesen Sie um ein Vielfaches schneller, entzaubern Sie \u201cGed\u00e4chtnisk\u00fcnstler*innen\u201d und entdecken Sie Ihre F\u00e4higkeit selbst eine oder einer zu werden, lernen Sie, sich zu konzentrieren und effizienter und strukturierter zu arbeiten. Ob Sch\u00fcler*in oder Student*in, mitten im Beruf stehend oder auch im Seniorenalter, der Nutzen ist f\u00fcr jede*n schnell und klar ersichtlich und der Anwendung steht nach Erlernen der neuen Techniken nichts mehr im Weg. In entspannter und humorvoller Atmosph\u00e4re werden die Fortschritte rasch sichtbar und die Teilnehmer*innen d\u00fcrfen sich \u00fcber Ihre neu erworbenen F\u00e4higkeiten freuen![\/vc_column_text][\/vc_column][\/vc_row][vc_row css_animation=&#8220;&#8220; row_type=&#8220;row&#8220; use_row_as_full_screen_section=&#8220;no&#8220; type=&#8220;grid&#8220; angled_section=&#8220;no&#8220; text_align=&#8220;left&#8220; background_image_as_pattern=&#8220;without_pattern&#8220; padding_top=&#8220;80&#8243; padding_bottom=&#8220;0&#8243; anchor=&#8220;portfolio&#8220; background_color=&#8220;#ffffff&#8220; border_color=&#8220;#eeeeee&#8220;][vc_column][vc_row_inner row_type=&#8220;row&#8220; type=&#8220;full_width&#8220; text_align=&#8220;left&#8220; css_animation=&#8220;&#8220;][vc_column_inner width=&#8220;1\/2&#8243;][vc_single_image image=&#8220;16268&#8243; img_size=&#8220;full&#8220; alignment=&#8220;center&#8220; qode_css_animation=&#8220;element_from_fade&#8220; transition_delay=&#8220;0.2&#8243;][vc_separator type=&#8220;transparent&#8220; up=&#8220;79&#8243; down=&#8220;0&#8243;][\/vc_column_inner][vc_column_inner width=&#8220;1\/2&#8243;][vc_column_text]<strong>Ged\u00e4chtnistraining\/ Geniale Lern- und Merktechniken<\/strong>[\/vc_column_text][vc_separator type=&#8220;small&#8220; position=&#8220;left&#8220; down=&#8220;33&#8243; up=&#8220;13&#8243; color=&#8220;#818181&#8243;]<div class='q_list circle normal'><\/p>\n<ul>\n<li>Mnemotechniken, Effizientes Lernen im Lern- und Studienbereich<\/li>\n<li>Ged\u00e4chtnistraining, Merktechniken im Businessbereich<\/li>\n<li>Mnemotechniken, Effizientes Lernen in der Schule (Training mit Sch\u00fcler*innen, Beratung von Eltern), Lernen lernen<\/li>\n<li>Lese- Rechtschreibtraining<\/li>\n<\/ul>\n<p><\/div><a  itemprop=\"url\" href=\"https:\/\/www.denktrainer.at\/?page_id=16066\" target=\"_self\"  class=\"qbutton  default\" style=\"\">Mehr Informationen<i class=\"qode_icon_font_awesome fa fa-arrow-right qode_button_icon_element\" style=\"\" ><\/i><\/a>[vc_separator type=&#8220;transparent&#8220; up=&#8220;79&#8243; down=&#8220;0&#8243;][\/vc_column_inner][\/vc_row_inner][\/vc_column][\/vc_row][vc_row css_animation=&#8220;&#8220; row_type=&#8220;row&#8220; use_row_as_full_screen_section=&#8220;no&#8220; type=&#8220;grid&#8220; angled_section=&#8220;no&#8220; text_align=&#8220;left&#8220; background_image_as_pattern=&#8220;without_pattern&#8220; padding_top=&#8220;80&#8243; padding_bottom=&#8220;0&#8243; anchor=&#8220;portfolio&#8220; background_color=&#8220;#f8f8f8&#8243; border_color=&#8220;#eeeeee&#8220;][vc_column][vc_row_inner row_type=&#8220;row&#8220; type=&#8220;full_width&#8220; text_align=&#8220;left&#8220; css_animation=&#8220;&#8220;][vc_column_inner width=&#8220;1\/2&#8243;][vc_column_text]<strong>Schnelllesetechniken<\/strong>[\/vc_column_text][vc_separator type=&#8220;small&#8220; position=&#8220;left&#8220; down=&#8220;33&#8243; up=&#8220;13&#8243; color=&#8220;#818181&#8243;]<div class='q_list circle normal'><\/p>\n<ul>\n<li>Schnelllesen f\u00fcr Schule\/ Studium<\/li>\n<li>Schnelllesen im Beruf<\/li>\n<\/ul>\n<p><\/div><a  itemprop=\"url\" href=\"https:\/\/www.denktrainer.at\/?page_id=16068\" target=\"_self\"  class=\"qbutton  default\" style=\"\">Mehr Informationen<i class=\"qode_icon_font_awesome fa fa-angle-right qode_button_icon_element\" style=\"\" ><\/i><\/a>[vc_separator type=&#8220;transparent&#8220; up=&#8220;79&#8243; down=&#8220;0&#8243;][\/vc_column_inner][vc_column_inner width=&#8220;1\/2&#8243;][vc_single_image image=&#8220;16267&#8243; img_size=&#8220;full&#8220; alignment=&#8220;center&#8220; qode_css_animation=&#8220;element_from_fade&#8220; transition_delay=&#8220;0.4&#8243;][vc_separator type=&#8220;transparent&#8220; up=&#8220;79&#8243; down=&#8220;0&#8243;][\/vc_column_inner][\/vc_row_inner][\/vc_column][\/vc_row][vc_row css_animation=&#8220;&#8220; row_type=&#8220;row&#8220; use_row_as_full_screen_section=&#8220;no&#8220; type=&#8220;grid&#8220; angled_section=&#8220;no&#8220; text_align=&#8220;left&#8220; background_image_as_pattern=&#8220;without_pattern&#8220; padding_top=&#8220;80&#8243; padding_bottom=&#8220;0&#8243; anchor=&#8220;portfolio&#8220; background_color=&#8220;#ffffff&#8220; border_color=&#8220;#eeeeee&#8220;][vc_column][vc_row_inner row_type=&#8220;row&#8220; type=&#8220;full_width&#8220; text_align=&#8220;left&#8220; css_animation=&#8220;&#8220;][vc_column_inner width=&#8220;1\/2&#8243;][vc_single_image image=&#8220;16266&#8243; img_size=&#8220;full&#8220; alignment=&#8220;center&#8220; qode_css_animation=&#8220;element_from_fade&#8220; transition_delay=&#8220;0.2&#8243;][vc_separator type=&#8220;transparent&#8220; up=&#8220;79&#8243; down=&#8220;0&#8243;][\/vc_column_inner][vc_column_inner width=&#8220;1\/2&#8243;][vc_column_text]<strong>Konzentrations- und Achtsamkeitstrainings<\/strong>[\/vc_column_text][vc_separator type=&#8220;small&#8220; position=&#8220;left&#8220; down=&#8220;33&#8243; up=&#8220;13&#8243; color=&#8220;#818181&#8243;]<div class='q_list circle'><\/p>\n<ul>\n<li>Konzentration und Achtsamkeit in Schule und Studium<\/li>\n<li>Konzentration und Achtsamkeit im Beruf<\/li>\n<\/ul>\n<p><\/div><a  itemprop=\"url\" href=\"https:\/\/www.denktrainer.at\/?page_id=16070\" target=\"_self\"  class=\"qbutton  default\" style=\"\">Mehr Informationen<i class=\"qode_icon_font_awesome fa fa-arrow-right qode_button_icon_element\" style=\"\" ><\/i><\/a>[vc_separator type=&#8220;transparent&#8220; up=&#8220;79&#8243; down=&#8220;0&#8243;][\/vc_column_inner][\/vc_row_inner][\/vc_column][\/vc_row][vc_row css_animation=&#8220;&#8220; row_type=&#8220;row&#8220; use_row_as_full_screen_section=&#8220;no&#8220; type=&#8220;grid&#8220; angled_section=&#8220;no&#8220; text_align=&#8220;left&#8220; background_image_as_pattern=&#8220;without_pattern&#8220; padding_top=&#8220;80&#8243; padding_bottom=&#8220;0&#8243; anchor=&#8220;portfolio&#8220; background_color=&#8220;#f8f8f8&#8243; border_color=&#8220;#eeeeee&#8220;][vc_column][vc_row_inner row_type=&#8220;row&#8220; type=&#8220;full_width&#8220; text_align=&#8220;left&#8220; css_animation=&#8220;&#8220;][vc_column_inner width=&#8220;1\/2&#8243;][vc_column_text]<strong>Selbstmanagement und effizientes Arbeiten<\/strong>[\/vc_column_text][vc_separator type=&#8220;small&#8220; position=&#8220;left&#8220; down=&#8220;33&#8243; up=&#8220;13&#8243; color=&#8220;#818181&#8243;]<div class='q_list circle'><\/p>\n<ul>\n<li>Effizientes Selbstmanagement in Schule und Studium<\/li>\n<li>Effizientes Selbstmanagement im Beruf (inkl. Einblicke in Burnoutpr\u00e4vention)<\/li>\n<\/ul>\n<p><\/div><a  itemprop=\"url\" href=\"https:\/\/www.denktrainer.at\/?page_id=16076\" target=\"_self\"  class=\"qbutton  default\" style=\"\">Mehr Informationen<i class=\"qode_icon_font_awesome fa fa-arrow-right qode_button_icon_element\" style=\"\" ><\/i><\/a>[vc_separator type=&#8220;transparent&#8220; up=&#8220;79&#8243; down=&#8220;0&#8243;][\/vc_column_inner][vc_column_inner width=&#8220;1\/2&#8243;][vc_single_image image=&#8220;16265&#8243; img_size=&#8220;full&#8220; alignment=&#8220;center&#8220; qode_css_animation=&#8220;element_from_fade&#8220; transition_delay=&#8220;0.4&#8243;][vc_separator type=&#8220;transparent&#8220; up=&#8220;79&#8243; down=&#8220;0&#8243;][\/vc_column_inner][\/vc_row_inner][\/vc_column][\/vc_row][vc_row css_animation=&#8220;&#8220; row_type=&#8220;row&#8220; use_row_as_full_screen_section=&#8220;no&#8220; type=&#8220;full_width&#8220; angled_section=&#8220;no&#8220; text_align=&#8220;left&#8220; background_image_as_pattern=&#8220;without_pattern&#8220;][vc_column][vc_empty_space height=&#8220;200px&#8220;][\/vc_column][\/vc_row]<\/p>\n","protected":false},"excerpt":{"rendered":"<p>[vc_row css_animation=&#8220;&#8220; row_type=&#8220;row&#8220; use_row_as_full_screen_section=&#8220;no&#8220; type=&#8220;grid&#8220; angled_section=&#8220;no&#8220; text_align=&#8220;left&#8220; background_image_as_pattern=&#8220;without_pattern&#8220; padding_top=&#8220;87&#8243; padding_bottom=&#8220;34&#8243; background_color=&#8220;#ffffff&#8220;][vc_column][vc_separator type=&#8220;normal&#8220;][vc_empty_space height=&#8220;10px&#8220;][vc_column_text]Entdecken Sie in Kursen zu den Kernthemen aus dem Bereichen Gehirn, Ged\u00e4chtnis und Denken, wozu Sie selbst in der Lage sind! Lesen Sie um ein Vielfaches schneller, entzaubern Sie \u201cGed\u00e4chtnisk\u00fcnstler*innen\u201d und entdecken Sie&#8230;<\/p>\n","protected":false},"author":1,"featured_media":0,"parent":0,"menu_order":0,"comment_status":"closed","ping_status":"closed","template":"full_width.php","meta":{"footnotes":""},"class_list":["post-16131","page","type-page","status-publish","hentry"],"_links":{"self":[{"href":"https:\/\/www.denktrainer.at\/index.php?rest_route=\/wp\/v2\/pages\/16131","targetHints":{"allow":["GET"]}}],"collection":[{"href":"https:\/\/www.denktrainer.at\/index.php?rest_route=\/wp\/v2\/pages"}],"about":[{"href":"https:\/\/www.denktrainer.at\/index.php?rest_route=\/wp\/v2\/types\/page"}],"author":[{"embeddable":true,"href":"https:\/\/www.denktrainer.at\/index.php?rest_route=\/wp\/v2\/users\/1"}],"replies":[{"embeddable":true,"href":"https:\/\/www.denktrainer.at\/index.php?rest_route=%2Fwp%2Fv2%2Fcomments&post=16131"}],"version-history":[{"count":16,"href":"https:\/\/www.denktrainer.at\/index.php?rest_route=\/wp\/v2\/pages\/16131\/revisions"}],"predecessor-version":[{"id":16466,"href":"https:\/\/www.denktrainer.at\/index.php?rest_route=\/wp\/v2\/pages\/16131\/revisions\/16466"}],"wp:attachment":[{"href":"https:\/\/www.denktrainer.at\/index.php?rest_route=%2Fwp%2Fv2%2Fmedia&parent=16131"}],"curies":[{"name":"wp","href":"https:\/\/api.w.org\/{rel}","templated":true}]}}