{"id":16070,"date":"2020-12-29T17:30:56","date_gmt":"2020-12-29T16:30:56","guid":{"rendered":"https:\/\/www.denktrainer.at\/?page_id=16070"},"modified":"2024-01-16T11:05:33","modified_gmt":"2024-01-16T10:05:33","slug":"konzentration-und-achtsamkeitstraining","status":"publish","type":"page","link":"https:\/\/www.denktrainer.at\/?page_id=16070","title":{"rendered":"Konzentration und Achtsamkeitstraining"},"content":{"rendered":"<p>[vc_row css_animation=&#8220;&#8220; row_type=&#8220;row&#8220; use_row_as_full_screen_section=&#8220;no&#8220; type=&#8220;full_width&#8220; angled_section=&#8220;no&#8220; text_align=&#8220;left&#8220; background_image_as_pattern=&#8220;without_pattern&#8220;][vc_column][vc_empty_space]<blockquote class=' with_quote_icon' style=''><i class='fa fa-quote-right' style=''><\/i><h5 class='blockquote-text' style=''>Konzentrations- und Achtsamkeitstraining<\/h5><\/blockquote>[vc_separator type=&#8220;normal&#8220;][vc_empty_space][vc_column_text]Haben auch Sie Schwierigkeiten im B\u00fcro oder auch zu Hause konzentriert zu arbeiten oder in Ruhe f\u00fcr Ihr Studium zu lernen? Unterliegen Sie st\u00e4ndigen St\u00f6rungen und wandern Ihre Gedanken ungewollt herum? Haben Sie oft das Gef\u00fchl, dass Sie viel gearbeitet, aber am Ende nichts weitergebracht haben? F\u00fchlen Sie sich bei all dem noch gestresst und manchmal sogar dem Burnout nahe?<\/p>\n<p>Sie sind damit nicht alleine und es gibt f\u00fcr Sie eine L\u00f6sung!<\/p>\n<p>In unseren Workshops erwerben die Teilnehmer*innen Wissen \u00fcber die verschiedenen Einflussfaktoren auf die Konzentrationsf\u00e4higkeit und lernen diese Faktoren besser zu kontrollieren. Gemeinsam lernen wir St\u00f6rfaktoren und Zeitfresser zu identifizieren und zu kontrollieren. Wir machen \u00dcbungen um die Aufmerksamkeit zu b\u00fcndeln und in die richtige Richtung zu lenken. Gleichzeitig finden wir Wege zur gesteigerten Motivation und zur Vermeidung der Aufschieberitis, die jede und jeder kennt. Es geht unter anderem auch darum Stress zu reduzieren und Burnoutgefahr zu minimieren.<\/p>\n<p>Wir l\u00f6sen uns von Automatismen und lernen schnell zu erkennen und zu reagieren, wenn die Gedanken abschweifen und diese rasch wieder in die gew\u00fcnschte Richtung zu leiten. Wir lernen den Fokus bewusst zu lenken, dort zu halten, wo wir es w\u00fcnschen.[\/vc_column_text][vc_empty_space][\/vc_column][\/vc_row][vc_row css_animation=&#8220;&#8220; row_type=&#8220;row&#8220; use_row_as_full_screen_section=&#8220;no&#8220; type=&#8220;full_width&#8220; angled_section=&#8220;no&#8220; text_align=&#8220;left&#8220; background_image_as_pattern=&#8220;without_pattern&#8220;][vc_column]<blockquote class=' with_quote_icon' style=''><i class='fa fa-quote-right' style=''><\/i><h5 class='blockquote-text' style=''>Die Workshops\/ Webinare sind optimal kombinierbar mit dem Thema \u201eSelbstmanagement und effizientes Arbeiten\u201c<\/h5><\/blockquote>[\/vc_column][\/vc_row][vc_row css_animation=&#8220;&#8220; row_type=&#8220;row&#8220; use_row_as_full_screen_section=&#8220;no&#8220; type=&#8220;grid&#8220; angled_section=&#8220;no&#8220; text_align=&#8220;left&#8220; background_image_as_pattern=&#8220;without_pattern&#8220; background_color=&#8220;#ffffff&#8220; padding_bottom=&#8220;30&#8243;][vc_column][vc_accordion active_tab=&#8220;0&#8243; style=&#8220;accordion&#8220;][vc_accordion_tab title=&#8220;Konzentration und Achtsamkeit in Schule und Studium&#8220;][vc_column_text]Hierbei wird ein Schwerpunkt gelegt auf die Anwendung im Lernbereich. Die Teilnehmer*innen erhalten viele zus\u00e4tzliche Tipps und Tricks um den Schul- bzw. Studienalltag optimal zu managen.[\/vc_column_text]<div class='q_list circle'><\/p>\n<ul>\n<li>Dauer der Workshops: 4 Stunden bis 1 Tag.<\/li>\n<li>Gruppengr\u00f6\u00dfe: max. 12 Personen<\/li>\n<li>Einzelcoachings m\u00f6glich<\/li>\n<li>Impulsvortrag m\u00f6glich<\/li>\n<\/ul>\n<p><\/div>[\/vc_accordion_tab][vc_accordion_tab title=&#8220;Konzentration und Achtsamkeit im Beruf&#8220;][vc_column_text]In diesen Workshops vermittle ich Strategien f\u00fcr bessere Konzentration im Berufsalltag. Wir widmen uns St\u00f6rfaktoren im B\u00fcro und wie diese in den Griff zu bekommen sind, ebenso wie einem optimalen Arbeitsumfeld. Mit entsprechenden Mindfulness-Trainings lernen die Teilnehmer*innen Ablenkungen zu erkennen und entsprechend zu reagieren bzw. die Konzentration direkt wieder zur\u00fcckzuf\u00fchren.[\/vc_column_text]<div class='q_list circle'><\/p>\n<ul>\n<li>Dauer der Workshops: 4 Stunden bis 1 Tag.<\/li>\n<li>Gruppengr\u00f6\u00dfe: max. 12 Personen<\/li>\n<li>Einzelcoachings m\u00f6glich<\/li>\n<li>Impulsvortrag m\u00f6glich<\/li>\n<\/ul>\n<p><\/div>[\/vc_accordion_tab][\/vc_accordion][\/vc_column][\/vc_row][vc_row css_animation=&#8220;&#8220; row_type=&#8220;row&#8220; use_row_as_full_screen_section=&#8220;no&#8220; type=&#8220;full_width&#8220; angled_section=&#8220;no&#8220; text_align=&#8220;left&#8220; background_image_as_pattern=&#8220;without_pattern&#8220;][vc_column][vc_empty_space height=&#8220;250px&#8220;][\/vc_column][\/vc_row]<\/p>\n","protected":false},"excerpt":{"rendered":"<p>[vc_row css_animation=&#8220;&#8220; row_type=&#8220;row&#8220; use_row_as_full_screen_section=&#8220;no&#8220; type=&#8220;full_width&#8220; angled_section=&#8220;no&#8220; text_align=&#8220;left&#8220; background_image_as_pattern=&#8220;without_pattern&#8220;][vc_column][vc_empty_space][vc_separator type=&#8220;normal&#8220;][vc_empty_space][vc_column_text]Haben auch Sie Schwierigkeiten im B\u00fcro oder auch zu Hause konzentriert zu arbeiten oder in Ruhe f\u00fcr Ihr Studium zu lernen? Unterliegen Sie st\u00e4ndigen St\u00f6rungen und wandern Ihre Gedanken ungewollt herum? Haben Sie oft das Gef\u00fchl, dass&#8230;<\/p>\n","protected":false},"author":1,"featured_media":0,"parent":16064,"menu_order":4,"comment_status":"closed","ping_status":"closed","template":"","meta":{"footnotes":""},"class_list":["post-16070","page","type-page","status-publish","hentry"],"_links":{"self":[{"href":"https:\/\/www.denktrainer.at\/index.php?rest_route=\/wp\/v2\/pages\/16070","targetHints":{"allow":["GET"]}}],"collection":[{"href":"https:\/\/www.denktrainer.at\/index.php?rest_route=\/wp\/v2\/pages"}],"about":[{"href":"https:\/\/www.denktrainer.at\/index.php?rest_route=\/wp\/v2\/types\/page"}],"author":[{"embeddable":true,"href":"https:\/\/www.denktrainer.at\/index.php?rest_route=\/wp\/v2\/users\/1"}],"replies":[{"embeddable":true,"href":"https:\/\/www.denktrainer.at\/index.php?rest_route=%2Fwp%2Fv2%2Fcomments&post=16070"}],"version-history":[{"count":10,"href":"https:\/\/www.denktrainer.at\/index.php?rest_route=\/wp\/v2\/pages\/16070\/revisions"}],"predecessor-version":[{"id":16462,"href":"https:\/\/www.denktrainer.at\/index.php?rest_route=\/wp\/v2\/pages\/16070\/revisions\/16462"}],"up":[{"embeddable":true,"href":"https:\/\/www.denktrainer.at\/index.php?rest_route=\/wp\/v2\/pages\/16064"}],"wp:attachment":[{"href":"https:\/\/www.denktrainer.at\/index.php?rest_route=%2Fwp%2Fv2%2Fmedia&parent=16070"}],"curies":[{"name":"wp","href":"https:\/\/api.w.org\/{rel}","templated":true}]}}