{"id":16068,"date":"2020-12-29T17:29:31","date_gmt":"2020-12-29T16:29:31","guid":{"rendered":"https:\/\/www.denktrainer.at\/?page_id=16068"},"modified":"2024-01-16T11:02:37","modified_gmt":"2024-01-16T10:02:37","slug":"schnelllesen","status":"publish","type":"page","link":"https:\/\/www.denktrainer.at\/?page_id=16068","title":{"rendered":"Schnelllesen"},"content":{"rendered":"<p>[vc_row css_animation=&#8220;&#8220; row_type=&#8220;row&#8220; use_row_as_full_screen_section=&#8220;no&#8220; type=&#8220;full_width&#8220; angled_section=&#8220;no&#8220; text_align=&#8220;left&#8220; background_image_as_pattern=&#8220;without_pattern&#8220;][vc_column][layerslider_vc id=&#8220;4&#8243;][\/vc_column][\/vc_row][vc_row css_animation=&#8220;&#8220; row_type=&#8220;row&#8220; use_row_as_full_screen_section=&#8220;no&#8220; type=&#8220;full_width&#8220; angled_section=&#8220;no&#8220; text_align=&#8220;left&#8220; background_image_as_pattern=&#8220;without_pattern&#8220;][vc_column][vc_empty_space]<blockquote class=' with_quote_icon' style=''><i class='fa fa-quote-right' style=''><\/i><h5 class='blockquote-text' style=''>Schnelllesen<\/h5><\/blockquote>[vc_separator type=&#8220;normal&#8220;][vc_empty_space][vc_column_text]Wer kennt sie nicht, die t\u00e4gliche Konfrontation mit Unmengen an Lesestoff? Etwa 80% der Wissenserweiterung f\u00fchrt \u00fcber den Weg des Lesens. Ebenso findet ein gro\u00dfer Teil der Kommunikation und Wissensweitergabe im Berufsbereich \u00fcber den schriftlichen Kanal statt.<\/p>\n<p>Wir alle kennen wohl die immer h\u00f6her werdenden Anforderungen der heutigen Zeit. Stress, Zeitknappheit, Burnout, all dies sind nicht unbekannte Worte in der Bildungs- und Arbeitswelt. Und die Anforderungen werden immer h\u00f6her.[\/vc_column_text][vc_empty_space][\/vc_column][\/vc_row][vc_row css_animation=&#8220;&#8220; row_type=&#8220;row&#8220; use_row_as_full_screen_section=&#8220;no&#8220; type=&#8220;grid&#8220; angled_section=&#8220;no&#8220; text_align=&#8220;left&#8220; background_image_as_pattern=&#8220;without_pattern&#8220; background_color=&#8220;#ffffff&#8220; padding_bottom=&#8220;30&#8243;][vc_column][vc_accordion style=&#8220;accordion&#8220;][vc_accordion_tab title=&#8220;Schnelllesen f\u00fcr (h\u00f6here) Schule und Studium&#8220;][vc_column_text]Wenn viel Wissensaufnahme gefragt ist, so wie in der Schule oder im Studium ist es absolut hilfreich (um ein Vielfaches) schneller durch den Lesestoff zu kommen. Man braucht oft sehr lange um \u00fcberhaupt einmal einen guten \u00dcberblick \u00fcber den Lernstoff zu haben und sich auf die wichtigsten Dinge eingelesen zu haben. Studierende finden unz\u00e4hlige B\u00fccher in der Literaturliste und sollen sich m\u00f6glichst durch den ganzen Lernstoff arbeiten.[\/vc_column_text][\/vc_accordion_tab][vc_accordion_tab title=&#8220;Schnelllesen im Beruf&#8220;][vc_column_text]Im Berufsalltag geht es nicht mehr nur darum, seine Arbeit perfekt zu beherrschen. Um in unserer schnelllebigen Zeit erfolgreich zu sein, ist es wesentlich, sich rasch auf neue Situationen einzustellen und neue Informationen z\u00fcgig zu verarbeiten und umzusetzen. Der Informationsfluss scheint oft endlos zu sein.[\/vc_column_text][\/vc_accordion_tab][\/vc_accordion][\/vc_column][\/vc_row][vc_row css_animation=&#8220;&#8220; row_type=&#8220;row&#8220; use_row_as_full_screen_section=&#8220;no&#8220; type=&#8220;full_width&#8220; angled_section=&#8220;no&#8220; text_align=&#8220;left&#8220; background_image_as_pattern=&#8220;without_pattern&#8220;][vc_column][vc_empty_space][vc_column_text]Durch diese hohen Anforderungen f\u00fchlen sich viele Menschen \u00fcberfordert. Jedoch ist es gar nicht so unm\u00f6glich diesen zu entsprechen. Das n\u00f6tige Wissen \u00fcber die M\u00f6glichkeiten und etwas Training, das sich wunderbar in den Alltag integrieren l\u00e4sst (einfach 15 Min. t\u00e4glich die Tageszeitung oder den Roman am Abend mit den entsprechenden Techniken lesen), und Sie werden begeistert sein.<\/p>\n<p>In meinen Workshops lernen Sie eine &#8222;neue&#8220; Art zu lesen, aber keine Angst, sie werden das &#8222;normale&#8220; Lesen, wie Sie es bisher praktiziert haben, nicht verlernen. Sie erlernen zus\u00e4tzlich eine neue, effizientere und zeitsparende Technik des Lesens und werden staunen, wie viel Lesestoff Sie mit etwas \u00dcbung in kurzer Zeit bew\u00e4ltigen k\u00f6nnen.[\/vc_column_text]<div class='q_list circle'><\/p>\n<ul>\n<li>Dauer der Workshops oder Webinare: 1 Halbtag (sehr kompakt) bis 2 Tage (zahlreiche \u00dcbungen, praktisches Lesen anhand verschiedenster Lekt\u00fcre).<\/li>\n<li>Gruppengr\u00f6\u00dfe: max. 12 Personen<\/li>\n<li>Einzelcoachings m\u00f6glich<\/li>\n<\/ul>\n<p><\/div>[\/vc_column][\/vc_row][vc_row css_animation=&#8220;&#8220; row_type=&#8220;row&#8220; use_row_as_full_screen_section=&#8220;no&#8220; type=&#8220;full_width&#8220; angled_section=&#8220;no&#8220; text_align=&#8220;left&#8220; background_image_as_pattern=&#8220;without_pattern&#8220;][vc_column][vc_empty_space height=&#8220;250px&#8220;][\/vc_column][\/vc_row]<\/p>\n","protected":false},"excerpt":{"rendered":"<p>[vc_row css_animation=&#8220;&#8220; row_type=&#8220;row&#8220; use_row_as_full_screen_section=&#8220;no&#8220; type=&#8220;full_width&#8220; angled_section=&#8220;no&#8220; text_align=&#8220;left&#8220; background_image_as_pattern=&#8220;without_pattern&#8220;][vc_column][layerslider_vc id=&#8220;4&#8243;][\/vc_column][\/vc_row][vc_row css_animation=&#8220;&#8220; row_type=&#8220;row&#8220; use_row_as_full_screen_section=&#8220;no&#8220; type=&#8220;full_width&#8220; angled_section=&#8220;no&#8220; text_align=&#8220;left&#8220; background_image_as_pattern=&#8220;without_pattern&#8220;][vc_column][vc_empty_space][vc_separator type=&#8220;normal&#8220;][vc_empty_space][vc_column_text]Wer kennt sie nicht, die t\u00e4gliche Konfrontation mit Unmengen an Lesestoff? Etwa 80% der Wissenserweiterung f\u00fchrt \u00fcber den Weg des Lesens. Ebenso findet ein gro\u00dfer Teil der Kommunikation und&#8230;<\/p>\n","protected":false},"author":1,"featured_media":0,"parent":16064,"menu_order":1,"comment_status":"closed","ping_status":"closed","template":"","meta":{"footnotes":""},"class_list":["post-16068","page","type-page","status-publish","hentry"],"_links":{"self":[{"href":"https:\/\/www.denktrainer.at\/index.php?rest_route=\/wp\/v2\/pages\/16068","targetHints":{"allow":["GET"]}}],"collection":[{"href":"https:\/\/www.denktrainer.at\/index.php?rest_route=\/wp\/v2\/pages"}],"about":[{"href":"https:\/\/www.denktrainer.at\/index.php?rest_route=\/wp\/v2\/types\/page"}],"author":[{"embeddable":true,"href":"https:\/\/www.denktrainer.at\/index.php?rest_route=\/wp\/v2\/users\/1"}],"replies":[{"embeddable":true,"href":"https:\/\/www.denktrainer.at\/index.php?rest_route=%2Fwp%2Fv2%2Fcomments&post=16068"}],"version-history":[{"count":7,"href":"https:\/\/www.denktrainer.at\/index.php?rest_route=\/wp\/v2\/pages\/16068\/revisions"}],"predecessor-version":[{"id":16461,"href":"https:\/\/www.denktrainer.at\/index.php?rest_route=\/wp\/v2\/pages\/16068\/revisions\/16461"}],"up":[{"embeddable":true,"href":"https:\/\/www.denktrainer.at\/index.php?rest_route=\/wp\/v2\/pages\/16064"}],"wp:attachment":[{"href":"https:\/\/www.denktrainer.at\/index.php?rest_route=%2Fwp%2Fv2%2Fmedia&parent=16068"}],"curies":[{"name":"wp","href":"https:\/\/api.w.org\/{rel}","templated":true}]}}